{"id":903,"date":"2022-06-15T12:35:45","date_gmt":"2022-06-15T12:35:45","guid":{"rendered":"https:\/\/www.panisfizio.com\/de\/?page_id=903"},"modified":"2022-06-15T12:36:22","modified_gmt":"2022-06-15T12:36:22","slug":"cookie-policy","status":"publish","type":"page","link":"https:\/\/www.panisfizio.com\/de\/cookie-policy\/","title":{"rendered":"Cookie Policy"},"content":{"rendered":"\t\t<div data-elementor-type=\"wp-page\" data-elementor-id=\"903\" class=\"elementor elementor-903\">\n\t\t\t\t\t\t<section class=\"elementor-section elementor-top-section elementor-element elementor-element-904985a elementor-section-boxed elementor-section-height-default elementor-section-height-default\" data-id=\"904985a\" data-element_type=\"section\" data-e-type=\"section\">\n\t\t\t\t\t\t<div class=\"elementor-container elementor-column-gap-default\">\n\t\t\t\t\t<div class=\"elementor-column elementor-col-100 elementor-top-column elementor-element elementor-element-0149e4e\" data-id=\"0149e4e\" data-element_type=\"column\" data-e-type=\"column\">\n\t\t\t<div class=\"elementor-widget-wrap elementor-element-populated\">\n\t\t\t\t\t\t<div class=\"elementor-element elementor-element-6cf4dcd elementor-widget elementor-widget-heading\" data-id=\"6cf4dcd\" data-element_type=\"widget\" data-e-type=\"widget\" data-widget_type=\"heading.default\">\n\t\t\t\t<div class=\"elementor-widget-container\">\n\t\t\t\t\t<h2 class=\"elementor-heading-title elementor-size-default\">COOKIE POLICY<\/h2>\t\t\t\t<\/div>\n\t\t\t\t<\/div>\n\t\t\t\t<div class=\"elementor-element elementor-element-62aa528 elementor-widget elementor-widget-text-editor\" data-id=\"62aa528\" data-element_type=\"widget\" data-e-type=\"widget\" data-widget_type=\"text-editor.default\">\n\t\t\t\t<div class=\"elementor-widget-container\">\n\t\t\t\t\t\t\t\t\t<p><strong>Des Verantwortlichen der Datenverarbeitung<\/strong><strong>:<\/strong><\/p><p><strong>PANISFIZIO DI CONTATTO S.R.L.<\/strong>\u00a0<\/p><p>VIA G. MAMELI 78 &#8211; 30016 Jesolo (VE)\u00a0<\/p><p>P.IVA: IT04720010273\u00a0<\/p><p>CF: IT04720010273<\/p><p><a href=\"http:\/\/www.panisfizio.com\">www.panisfizio.com<\/a> <a href=\"mailto:info@panisfizio.com\">info@panisfizio.com<\/a><\/p><p><strong>Wie werden auf dieser Webseite Cookies verwendet?<\/strong><br \/>Bei Ihrer Nutzung unserer Website werden Cookies auf Ihrem Rechner gespeichert. Bei Cookies handelt es sich um kleine Textdateien, die auf Ihrer Festplatte dem von Ihnen verwendeten Browser zugeordnet gespeichert werden und durch welche der Stelle, die den Cookie setzt, bestimmte Informationen zuflie\u00dfen. Cookies k\u00f6nnen keine Programme ausf\u00fchren oder Viren auf Ihren Computer \u00fcbertragen. Sie dienen dazu, das Internetangebot insgesamt nutzerfreundlicher und effektiver zu machen. Wir setzen Cookies auch ein, um Sie f\u00fcr Folgebesuche identifizieren zu k\u00f6nnen, falls Sie \u00fcber einen Account bei uns verf\u00fcgen. Andernfalls m\u00fcssten Sie sich f\u00fcr jeden Besuch erneut einloggen.<br \/>Diese Website nutzt folgende Arten von Cookies, deren Umfang und Funktionsweise im Folgenden erl\u00e4utert werden:<br \/>\u00a0<\/p><p><strong>Transiente Cookies<\/strong><br \/>Diese Cookies werden automatisiert gel\u00f6scht, wenn Sie den Browser schlie\u00dfen. Dazu z\u00e4hlen insbesondere die Session-Cookies. Diese speichern eine sogenannte Session-ID, mit welcher sich verschiedene Anfragen Ihres Browsers der gemeinsamen Sitzung zuordnen lassen. Dadurch kann Ihr Rechner wiedererkannt werden, wenn Sie auf unsere Website zur\u00fcckkehren. Die Session-Cookies werden gel\u00f6scht, wenn Sie sich ausloggen oder den Browser schlie\u00dfen.<br \/>\u00a0<\/p><p><strong>Persistente Cookies<\/strong><br \/>Diese Cookies werden automatisiert nach einer vorgegebenen Dauer gel\u00f6scht, die sich je nach Cookie unterscheiden kann. Sie k\u00f6nnen die Cookies in den Sicherheitseinstellungen Ihres Browsers jederzeit l\u00f6schen.<br \/>\u00a0<\/p><p><strong>Flash Cookies<\/strong><br \/>Die genutzten Flash-Cookies werden nicht durch Ihren Browser erfasst, sondern durch Ihr Flash-Plugin. Weiterhin nutzen wir HTML5 storage objects, die auf Ihrem Endger\u00e4t abgelegt werden. Diese Objekte speichern die erforderlichen Daten unabh\u00e4ngig von Ihrem verwendeten Browser und haben kein automatisches Ablaufdatum. Wenn Sie keine Verarbeitung der Flash-Cookies w\u00fcnschen, m\u00fcssen Sie ein entsprechendes Add-On installieren, z.\u2009B. &#8220;Better Privacy&#8221; f\u00fcr Mozilla Firefox (<a href=\"https:\/\/addons.mozilla.org\/de\/firefox\/addon\/betterprivacy\/\">https:\/\/addons.mozilla.org\/de\/firefox\/addon\/betterprivacy\/<\/a>) oder das Adobe-Flash-Killer-Cookie f\u00fcr Google Chrome. Die Nutzung von HTML5 storage objects k\u00f6nnen Sie verhindern, indem Sie in Ihrem Browser den privaten Modus einsetzen. Zudem empfehlen wir, regelm\u00e4\u00dfig Ihre Cookies und den Browser-Verlauf manuell zu l\u00f6schen.<\/p><p><strong>Verhinderung von Cookies<\/strong><br \/>Sie k\u00f6nnen Ihre Browser-Einstellung entsprechend Ihren W\u00fcnschen konfigurieren und z.\u2009B. die Annahme von Third-Party-Cookies oder allen Cookies ablehnen. Wir weisen Sie darauf hin, dass Sie dann eventuell nicht alle Funktionen dieser Website nutzen k\u00f6nnen.<br \/>\u00a0<\/p><p><strong>Webseitenanalyse<\/strong><br \/>F\u00fcr Zwecke der Analyse und Optimierung unserer Webseiten verwenden wir verschiedene Dienste, die im Folgenden dargestellt werden. So k\u00f6nnen wir z.B. analysieren, wie viele Nutzer unsere Seite besuchen, welche Informationen am gefragtesten sind oder wie Nutzer das Angebot auffinden. Wir erfassen unter anderen Daten dar\u00fcber, von welcher Internetseite eine betroffene Person auf eine Internetseite gekommen ist (sogenannter Referrer), auf welche Unterseiten der Internetseite zugegriffen oder wie oft und f\u00fcr welche Verweildauer eine Unterseite betrachtet wurde. Dies hilft uns, unsere Angebote nutzerfreundlich auszugestalten und zu verbessern. Die dabei erhobenen Daten dienen nicht dazu, einzelne Benutzer pers\u00f6nlich zu identifizieren. Es werden anonyme bzw. h\u00f6chstens pseudonyme Daten erhoben. Rechtsgrundlage daf\u00fcr ist Art. 6 Abs. 1 f DSGVO. Wir verstehen die Optimierung unserer Webseite als berechtigtes Interesse, Ihre Grundrechte und Grundfreiheiten \u00fcberwiegen dabei unser Interesse nicht, da wir Sie im Rahmen unserer Datenschutzerkl\u00e4rung umfassend \u00fcber die Datenerhebung informieren und Sie jederzeit die M\u00f6glichkeit eines Opt-Out (\u00fcber Link oder Browsereinstellungen) haben. Zudem setzen wir lediglich pseudonymes Tracking ein.<br \/>\u00a0<br \/><strong>Google Analytics<\/strong><br \/>Diese Website benutzt Google Analytics, einen Webanalysedienst der Google Inc, (1600 Amphitheatre Parkway Mountain View, CA 94043, USA). Die Nutzung umfasst die Betriebsart Universal Analytics. Hierdurch ist es m\u00f6glich, Daten, Sitzungen und Interaktionen \u00fcber mehrere Ger\u00e4te hinweg einer pseudonymen User-ID zuzuordnen und so die Aktivit\u00e4ten eines Nutzers ger\u00e4te\u00fcbergreifend zu analysieren.<br \/>Google Analytics verwendet Cookies, die eine Analyse der Benutzung der Website durch Sie erm\u00f6glichen. Die durch das Cookie erzeugten Informationen \u00fcber Ihre Benutzung dieser Website werden in der Regel an einen Server von Google in den USA \u00fcbertragen und dort gespeichert. Im Falle der Aktivierung der IP-Anonymisierung auf dieser Website, wird Ihre IP-Adresse von Google jedoch innerhalb von Mitgliedstaaten der Europ\u00e4ischen Union oder in anderen Vertragsstaaten des Abkommens \u00fcber den Europ\u00e4ischen Wirtschaftsraum zuvor gek\u00fcrzt. Nur in Ausnahmef\u00e4llen wird die volle IP-Adresse an einen Server von Google in den USA \u00fcbertragen und dort gek\u00fcrzt. Die im Rahmen von Google Analytics von Ihrem Browser \u00fcbermittelte IP-Adresse wird nicht mit anderen Daten von Google zusammengef\u00fchrt. Im Auftrag des Betreibers dieser Website wird Google diese Informationen benutzen, um Ihre Nutzung der Website auszuwerten, um Reports \u00fcber die Websiteaktivit\u00e4ten zusammenzustellen und um weitere mit der Websitenutzung und der Internetnutzung verbundene Dienstleistungen gegen\u00fcber dem Websitebetreiber zu erbringen. In diesen Zwecken liegt auch unser berechtigtes Interesse an der Datenverarbeitung. Die Rechtsgrundlage f\u00fcr den Einsatz von Google Analytics ist \u00a7 15 Abs. 3 TMG bzw. Art. 6 Abs. 1 f DSGVO. Die von uns gesendeten und mit Cookies, Nutzerkennungen (z. B. User-ID) oder Werbe-IDs verkn\u00fcpften Daten werden nach 14 Monaten automatisch gel\u00f6scht. Die L\u00f6schung von Daten, deren Aufbewahrungsdauer erreicht ist, erfolgt automatisch einmal im Monat. N\u00e4here Informationen zu Nutzungsbedingungen und Datenschutz finden Sie unter\u00a0<a href=\"https:\/\/www.google.com\/analytics\/terms\/de.html\">https:\/\/www.google.com\/analytics\/terms\/de.html<\/a>\u00a0bzw. unter\u00a0<a href=\"https:\/\/policies.google.com\/?hl=de\">https:\/\/policies.google.com\/?hl=de<\/a><br \/>\u00a0<br \/>Sie k\u00f6nnen die Speicherung der Cookies durch eine entsprechende Einstellung Ihrer Browser-Software verhindern; wir weisen Sie jedoch darauf hin, dass Sie in diesem Fall gegebenenfalls nicht s\u00e4mtliche Funktionen dieser Website vollumf\u00e4nglich werden nutzen k\u00f6nnen. Sie k\u00f6nnen dar\u00fcber hinaus die Erfassung der durch das Cookie erzeugten und auf Ihre Nutzung der Website bezogenen Daten (inkl. Ihrer IP-Adresse) an Google sowie die Verarbeitung dieser Daten durch Google verhindern, indem Sie das\u00a0<a href=\"https:\/\/tools.google.com\/dlpage\/gaoptout?hl=de\">https:\/\/tools.google.com\/dlpage\/gaoptout?hl=de<\/a>\u00a0herunterladen und installieren. Opt-Out-Cookies verhindern die zuk\u00fcnftige Erfassung Ihrer Daten beim Besuch dieser Website. Um die Erfassung durch Universal Analytics \u00fcber verschiedene Ger\u00e4te hinweg zu verhindern, m\u00fcssen Sie das Opt-Out auf allen genutzten Systemen durchf\u00fchren.<\/p><p><strong>Cookies f\u00fcr Marketingzwecke<\/strong><br \/>Wir verwenden Cookies f\u00fcr Marketingzwecke, um unsere Nutzer mit interessengerechter Werbung anzusprechen. Zus\u00e4tzlich verwenden wir die Cookies, um die Wahrscheinlichkeit der Ausspielung einer Werbeanzeige einzuschr\u00e4nken und die Effektivit\u00e4t unserer Werbema\u00dfnahmen zu messen. Diese Information k\u00f6nnen auch mit Dritten, wie z. B. Ad-Netzwerken, geteilt werden. Rechtsgrundlage daf\u00fcr ist Art. 6 Abs. 1 f DSGVO. F\u00fcr die mit der Datenverarbeitung verfolgten Zwecke besteht das berechtigte Interesse des Direktmarketings. Sie haben das Recht jederzeit Widerspruch gegen die Verarbeitung Ihrer Daten zum Zwecke derartiger Werbung einzulegen. Dazu stellen wir Ihnen im Folgenden Opt-Out-M\u00f6glichkeiten der jeweiligen Dienste zur Verf\u00fcgung.<br \/>Sie k\u00f6nnen alternativ in Ihren Browsereinstellungen das Setzen von Cookies verhindern:<br \/><em>Edge<\/em>:\u00a0<a href=\"https:\/\/answers.microsoft.com\/en-us\/insider\/forum\/insider_internet-insider_spartan-insiderplat_pc\/how-to-view-and-manage-cookies-in-microsoft-edge\/67b3a495-554e-4f1d-995e-93d0ea6882a6\">https:\/\/answers.microsoft.com\/en-us\/insider\/forum\/insider_internet-insid&#8230;<\/a><br \/><em>Google Chrome<\/em>:\u00a0<a href=\"https:\/\/support.google.com\/chrome\/answer\/95647\">https:\/\/support.google.com\/chrome\/answer\/95647<\/a><br \/><em>Internet Explorer<\/em>:\u00a0<a href=\"https:\/\/support.microsoft.com\/en-us\/help\/278835\/how-to-delete-cookie-files-in-internet-explorer\">https:\/\/support.microsoft.com\/en-us\/help\/278835\/how-to-delete-cookie-fil&#8230;<\/a><br \/><em>Mozilla Firefox<\/em>:\u00a0<a href=\"https:\/\/support.mozilla.org\/en-US\/kb\/enable-and-disable-cookies-website-preferences\">https:\/\/support.mozilla.org\/en-US\/kb\/enable-and-disable-cookies-website-&#8230;<\/a><br \/><em>Safari<\/em>:\u00a0<a href=\"https:\/\/support.apple.com\/en-us\/HT201265\">https:\/\/support.apple.com\/en-us\/HT201265<\/a><\/p><p>\u00a0<\/p>\t\t\t\t\t\t\t\t<\/div>\n\t\t\t\t<\/div>\n\t\t\t\t\t<\/div>\n\t\t<\/div>\n\t\t\t\t\t<\/div>\n\t\t<\/section>\n\t\t\t\t<\/div>\n\t\t","protected":false},"excerpt":{"rendered":"<p>COOKIE POLICY Des Verantwortlichen der Datenverarbeitung: PANISFIZIO DI CONTATTO S.R.L.\u00a0 VIA G. MAMELI 78 &#8211; 30016 Jesolo (VE)\u00a0 P.IVA: IT04720010273\u00a0 CF: IT04720010273 www.panisfizio.com info@panisfizio.com Wie werden auf dieser Webseite Cookies verwendet?Bei Ihrer Nutzung unserer Website werden Cookies auf Ihrem Rechner gespeichert. Bei Cookies handelt es sich um kleine Textdateien, die auf Ihrer Festplatte dem von [&hellip;]<\/p>\n","protected":false},"author":1,"featured_media":0,"parent":0,"menu_order":0,"comment_status":"closed","ping_status":"closed","template":"elementor_header_footer","meta":{"footnotes":""},"class_list":["post-903","page","type-page","status-publish","hentry"],"yoast_head":"<!-- This site is optimized with the Yoast SEO plugin v27.4 - https:\/\/yoast.com\/product\/yoast-seo-wordpress\/ -->\n<title>Cookie Policy - Panisfizio<\/title>\n<meta name=\"robots\" content=\"index, follow, max-snippet:-1, max-image-preview:large, max-video-preview:-1\" \/>\n<link rel=\"canonical\" href=\"https:\/\/www.panisfizio.com\/de\/cookie-policy\/\" \/>\n<meta property=\"og:locale\" content=\"it_IT\" \/>\n<meta property=\"og:type\" content=\"article\" \/>\n<meta property=\"og:title\" content=\"Cookie Policy - Panisfizio\" \/>\n<meta property=\"og:description\" content=\"COOKIE POLICY Des Verantwortlichen der Datenverarbeitung: PANISFIZIO DI CONTATTO S.R.L.\u00a0 VIA G. MAMELI 78 &#8211; 30016 Jesolo (VE)\u00a0 P.IVA: IT04720010273\u00a0 CF: IT04720010273 www.panisfizio.com info@panisfizio.com Wie werden auf dieser Webseite Cookies verwendet?Bei Ihrer Nutzung unserer Website werden Cookies auf Ihrem Rechner gespeichert. Bei Cookies handelt es sich um kleine Textdateien, die auf Ihrer Festplatte dem von [&hellip;]\" \/>\n<meta property=\"og:url\" content=\"https:\/\/www.panisfizio.com\/de\/cookie-policy\/\" \/>\n<meta property=\"og:site_name\" content=\"Panisfizio\" \/>\n<meta property=\"article:modified_time\" content=\"2022-06-15T12:36:22+00:00\" \/>\n<meta name=\"twitter:card\" content=\"summary_large_image\" \/>\n<meta name=\"twitter:label1\" content=\"Tempo di lettura stimato\" \/>\n\t<meta name=\"twitter:data1\" content=\"6 minuti\" \/>\n<script type=\"application\/ld+json\" class=\"yoast-schema-graph\">{\"@context\":\"https:\\\/\\\/schema.org\",\"@graph\":[{\"@type\":\"WebPage\",\"@id\":\"https:\\\/\\\/www.panisfizio.com\\\/de\\\/cookie-policy\\\/\",\"url\":\"https:\\\/\\\/www.panisfizio.com\\\/de\\\/cookie-policy\\\/\",\"name\":\"Cookie Policy - Panisfizio\",\"isPartOf\":{\"@id\":\"https:\\\/\\\/www.panisfizio.com\\\/de\\\/#website\"},\"datePublished\":\"2022-06-15T12:35:45+00:00\",\"dateModified\":\"2022-06-15T12:36:22+00:00\",\"breadcrumb\":{\"@id\":\"https:\\\/\\\/www.panisfizio.com\\\/de\\\/cookie-policy\\\/#breadcrumb\"},\"inLanguage\":\"it-IT\",\"potentialAction\":[{\"@type\":\"ReadAction\",\"target\":[\"https:\\\/\\\/www.panisfizio.com\\\/de\\\/cookie-policy\\\/\"]}]},{\"@type\":\"BreadcrumbList\",\"@id\":\"https:\\\/\\\/www.panisfizio.com\\\/de\\\/cookie-policy\\\/#breadcrumb\",\"itemListElement\":[{\"@type\":\"ListItem\",\"position\":1,\"name\":\"Home\",\"item\":\"https:\\\/\\\/www.panisfizio.com\\\/de\\\/\"},{\"@type\":\"ListItem\",\"position\":2,\"name\":\"Cookie Policy\"}]},{\"@type\":\"WebSite\",\"@id\":\"https:\\\/\\\/www.panisfizio.com\\\/de\\\/#website\",\"url\":\"https:\\\/\\\/www.panisfizio.com\\\/de\\\/\",\"name\":\"Panisfizio\",\"description\":\"\",\"publisher\":{\"@id\":\"https:\\\/\\\/www.panisfizio.com\\\/de\\\/#organization\"},\"potentialAction\":[{\"@type\":\"SearchAction\",\"target\":{\"@type\":\"EntryPoint\",\"urlTemplate\":\"https:\\\/\\\/www.panisfizio.com\\\/de\\\/?s={search_term_string}\"},\"query-input\":{\"@type\":\"PropertyValueSpecification\",\"valueRequired\":true,\"valueName\":\"search_term_string\"}}],\"inLanguage\":\"it-IT\"},{\"@type\":\"Organization\",\"@id\":\"https:\\\/\\\/www.panisfizio.com\\\/de\\\/#organization\",\"name\":\"Panisfizio\",\"url\":\"https:\\\/\\\/www.panisfizio.com\\\/de\\\/\",\"logo\":{\"@type\":\"ImageObject\",\"inLanguage\":\"it-IT\",\"@id\":\"https:\\\/\\\/www.panisfizio.com\\\/de\\\/#\\\/schema\\\/logo\\\/image\\\/\",\"url\":\"https:\\\/\\\/www.panisfizio.com\\\/de\\\/wp-content\\\/uploads\\\/sites\\\/6\\\/2022\\\/05\\\/cropped-p.jpg\",\"contentUrl\":\"https:\\\/\\\/www.panisfizio.com\\\/de\\\/wp-content\\\/uploads\\\/sites\\\/6\\\/2022\\\/05\\\/cropped-p.jpg\",\"width\":250,\"height\":150,\"caption\":\"Panisfizio\"},\"image\":{\"@id\":\"https:\\\/\\\/www.panisfizio.com\\\/de\\\/#\\\/schema\\\/logo\\\/image\\\/\"}}]}<\/script>\n<!-- \/ Yoast SEO plugin. -->","yoast_head_json":{"title":"Cookie Policy - Panisfizio","robots":{"index":"index","follow":"follow","max-snippet":"max-snippet:-1","max-image-preview":"max-image-preview:large","max-video-preview":"max-video-preview:-1"},"canonical":"https:\/\/www.panisfizio.com\/de\/cookie-policy\/","og_locale":"it_IT","og_type":"article","og_title":"Cookie Policy - Panisfizio","og_description":"COOKIE POLICY Des Verantwortlichen der Datenverarbeitung: PANISFIZIO DI CONTATTO S.R.L.\u00a0 VIA G. MAMELI 78 &#8211; 30016 Jesolo (VE)\u00a0 P.IVA: IT04720010273\u00a0 CF: IT04720010273 www.panisfizio.com info@panisfizio.com Wie werden auf dieser Webseite Cookies verwendet?Bei Ihrer Nutzung unserer Website werden Cookies auf Ihrem Rechner gespeichert. Bei Cookies handelt es sich um kleine Textdateien, die auf Ihrer Festplatte dem von [&hellip;]","og_url":"https:\/\/www.panisfizio.com\/de\/cookie-policy\/","og_site_name":"Panisfizio","article_modified_time":"2022-06-15T12:36:22+00:00","twitter_card":"summary_large_image","twitter_misc":{"Tempo di lettura stimato":"6 minuti"},"schema":{"@context":"https:\/\/schema.org","@graph":[{"@type":"WebPage","@id":"https:\/\/www.panisfizio.com\/de\/cookie-policy\/","url":"https:\/\/www.panisfizio.com\/de\/cookie-policy\/","name":"Cookie Policy - Panisfizio","isPartOf":{"@id":"https:\/\/www.panisfizio.com\/de\/#website"},"datePublished":"2022-06-15T12:35:45+00:00","dateModified":"2022-06-15T12:36:22+00:00","breadcrumb":{"@id":"https:\/\/www.panisfizio.com\/de\/cookie-policy\/#breadcrumb"},"inLanguage":"it-IT","potentialAction":[{"@type":"ReadAction","target":["https:\/\/www.panisfizio.com\/de\/cookie-policy\/"]}]},{"@type":"BreadcrumbList","@id":"https:\/\/www.panisfizio.com\/de\/cookie-policy\/#breadcrumb","itemListElement":[{"@type":"ListItem","position":1,"name":"Home","item":"https:\/\/www.panisfizio.com\/de\/"},{"@type":"ListItem","position":2,"name":"Cookie Policy"}]},{"@type":"WebSite","@id":"https:\/\/www.panisfizio.com\/de\/#website","url":"https:\/\/www.panisfizio.com\/de\/","name":"Panisfizio","description":"","publisher":{"@id":"https:\/\/www.panisfizio.com\/de\/#organization"},"potentialAction":[{"@type":"SearchAction","target":{"@type":"EntryPoint","urlTemplate":"https:\/\/www.panisfizio.com\/de\/?s={search_term_string}"},"query-input":{"@type":"PropertyValueSpecification","valueRequired":true,"valueName":"search_term_string"}}],"inLanguage":"it-IT"},{"@type":"Organization","@id":"https:\/\/www.panisfizio.com\/de\/#organization","name":"Panisfizio","url":"https:\/\/www.panisfizio.com\/de\/","logo":{"@type":"ImageObject","inLanguage":"it-IT","@id":"https:\/\/www.panisfizio.com\/de\/#\/schema\/logo\/image\/","url":"https:\/\/www.panisfizio.com\/de\/wp-content\/uploads\/sites\/6\/2022\/05\/cropped-p.jpg","contentUrl":"https:\/\/www.panisfizio.com\/de\/wp-content\/uploads\/sites\/6\/2022\/05\/cropped-p.jpg","width":250,"height":150,"caption":"Panisfizio"},"image":{"@id":"https:\/\/www.panisfizio.com\/de\/#\/schema\/logo\/image\/"}}]}},"_links":{"self":[{"href":"https:\/\/www.panisfizio.com\/de\/wp-json\/wp\/v2\/pages\/903","targetHints":{"allow":["GET"]}}],"collection":[{"href":"https:\/\/www.panisfizio.com\/de\/wp-json\/wp\/v2\/pages"}],"about":[{"href":"https:\/\/www.panisfizio.com\/de\/wp-json\/wp\/v2\/types\/page"}],"author":[{"embeddable":true,"href":"https:\/\/www.panisfizio.com\/de\/wp-json\/wp\/v2\/users\/1"}],"replies":[{"embeddable":true,"href":"https:\/\/www.panisfizio.com\/de\/wp-json\/wp\/v2\/comments?post=903"}],"version-history":[{"count":4,"href":"https:\/\/www.panisfizio.com\/de\/wp-json\/wp\/v2\/pages\/903\/revisions"}],"predecessor-version":[{"id":910,"href":"https:\/\/www.panisfizio.com\/de\/wp-json\/wp\/v2\/pages\/903\/revisions\/910"}],"wp:attachment":[{"href":"https:\/\/www.panisfizio.com\/de\/wp-json\/wp\/v2\/media?parent=903"}],"curies":[{"name":"wp","href":"https:\/\/api.w.org\/{rel}","templated":true}]}}